{"id":1403,"date":"2024-08-13T08:36:04","date_gmt":"2024-08-13T06:36:04","guid":{"rendered":"https:\/\/www.deine3a.ch\/?page_id=1403"},"modified":"2025-08-10T08:58:34","modified_gmt":"2025-08-10T06:58:34","slug":"imprint","status":"publish","type":"page","link":"https:\/\/www.deine3a.ch\/en\/impressum\/","title":{"rendered":"Your3a | Imprint | Emigration Switzerland | Emigration agency"},"content":{"rendered":"<div data-elementor-type=\"wp-page\" data-elementor-id=\"1403\" class=\"elementor elementor-1403\" data-elementor-settings=\"{&quot;ha_cmc_init_switcher&quot;:&quot;no&quot;}\" data-elementor-post-type=\"page\">\n\t\t\t\t\t\t<section class=\"elementor-section elementor-top-section elementor-element elementor-element-e1a2ffc elementor-section-boxed elementor-section-height-default elementor-section-height-default\" data-id=\"e1a2ffc\" data-element_type=\"section\" data-e-type=\"section\" data-settings=\"{&quot;_ob_glider_is_slider&quot;:&quot;no&quot;,&quot;_ha_eqh_enable&quot;:false}\">\n\t\t\t\t\t\t<div class=\"elementor-container elementor-column-gap-default\">\n\t\t\t\t\t<div class=\"elementor-column elementor-col-100 elementor-top-column elementor-element elementor-element-4b7022c\" data-id=\"4b7022c\" data-element_type=\"column\" data-e-type=\"column\" data-settings=\"{&quot;_ob_column_hoveranimator&quot;:&quot;no&quot;,&quot;_ob_column_has_pseudo&quot;:&quot;no&quot;}\">\n\t\t\t<div class=\"elementor-widget-wrap elementor-element-populated\">\n\t\t\t\t\t\t<div class=\"elementor-element elementor-element-fca102e ob-has-background-overlay elementor-widget elementor-widget-html\" data-id=\"fca102e\" data-element_type=\"widget\" data-e-type=\"widget\" data-settings=\"{&quot;_ob_widget_stalker_use&quot;:&quot;no&quot;,&quot;_ob_poopart_use&quot;:&quot;yes&quot;,&quot;_ob_shadough_use&quot;:&quot;no&quot;,&quot;_ob_allow_hoveranimator&quot;:&quot;no&quot;}\" data-widget_type=\"html.default\">\n\t\t\t\t\t<div style=\"font-family: 'Roboto', Arial, sans-serif;\">\n  <h1>Imprint<\/h1>\n\n  <p>Deine3a GmbH<br>\n  Brandschenkestrasse 30<br>\n  8001 Zurich<\/p>\n\n  <p>Handelsregister: CHE-483.039.941<br>\n  Register court: Commercial Register Office of the Canton of Zurich<\/p>\n\n  <p>Deine3a GmbH acts as a tied agent for Helvetia Insurance Switzerland within the framework of the Insurance Supervision Act (VAG).<\/p>\n\n  <p><strong>Represented by:<\/strong><br>\n  Jim Ince, Certified Financial Advisor IAF, Cicero Member-ID: 27531<br>\n  Sebastian Deitert, Insurance Specialist, Cicero Member-ID: 18311<\/p>\n\n  <h2>Contact<\/h2>\n  <p><strong>Note:<\/strong><br>\n  Consultancy enquiries are answered exclusively via the contact form:\n  <a href=\"https:\/\/www.deine3a.ch\/en\/contact\/\">https:\/\/www.deine3a.ch\/kontakt\/<\/a><\/p>\n\n  <p>Phone: +41 77 222 76 20 (No counselling requests)<br>\n  E-mail: hallo@deine3a.ch (No counselling requests)<\/p>\n\n  <h2>Sales tax ID<\/h2>\n  <p>Value added tax identification number in accordance with \u00a7 27a of the Value Added Tax Act:<br>\n  CHE-483.039.941<\/p>\n\n  <h2>Business identification number<\/h2>\n  <p>CH-020-4076047-9<\/p>\n\n  <h2>EU dispute resolution<\/h2>\n  <p>The European Commission provides a platform for online dispute resolution (OS):<\/p>\n  <p><a href=\"https:\/\/consumer-redress.ec.europa.eu\/site-relocation_en?event=main.home.chooseLanguage\">https:\/\/consumer-redress.ec.europa.eu\/site-relocation_en?event=main.home.chooseLanguage<\/a><\/p>\n  <p>You can find our e-mail address in the legal notice above.<\/p>\n\n  <h2>Consumer dispute resolution \/ universal arbitration centre<\/h2>\n  <p>We are not willing or obliged to participate in dispute resolution proceedings before a consumer arbitration board.<\/p>\n\n  <div style=\"display: flex; gap: 10px; margin-top: 20px;\">\n    <a href=\"https:\/\/www.deine3a.ch\/en\/blog-and-news-emigration-switzerland\/\">-<\/a>\n    <a href=\"https:\/\/www.deine3a.ch\/en\/saner\/\">-<\/a>\n    <a href=\"https:\/\/www.deine3a.ch\/en\/telepski\/\">-<\/a>\n    <a href=\"https:\/\/www.deine3a.ch\/en\/immigrating-to-switzerland\/\">-<\/a>\n    <a href=\"https:\/\/www.deine3a.ch\/en\/media\/never-do-this-in-switzerland-5-embarrassing-stumbling-blocks\/\">-<\/a>\n    <a href=\"https:\/\/www.deine3a.ch\/en\/media\/import-car-from-germany-to-switzerland-autoimport-deine3a-ch\/\">-<\/a>\n    <a href=\"https:\/\/www.deine3a.ch\/en\/media\/4-good-reasons\/\">-<\/a>\n    <a href=\"https:\/\/www.deine3a.ch\/en\/media\/gross-net-salary-in-switzerland\/\">-<\/a>\n    <a href=\"https:\/\/www.deine3a.ch\/en\/media\/welcome-to-switzerland\/\">-<\/a>\n    <a href=\"https:\/\/www.deine3a.ch\/en\/media\/3-good-reasons-to-emigrate\/\">-<\/a>\n    <a href=\"https:\/\/www.deine3a.ch\/en\/media\/job-search-in-switzerland-tips-and-tricks\/\">-<\/a>\n    <a href=\"https:\/\/www.deine3a.ch\/en\/media\/withholding-tax-switzerland-simply-explained-emigration-switzerland\/\">-<\/a>\n    <a href=\"https:\/\/www.deine3a.ch\/en\/media\/health-insurance-switzerland\/\">-<\/a>\n    <a href=\"https:\/\/www.deine3a.ch\/en\/media\/flat-hunting-in-switzerland-tips-and-tricks\/\">-<\/a>\n    <a href=\"https:\/\/www.deine3a.ch\/en\/media\/how-much-salary-do-you-need-in-switzerland\/\">-<\/a>\n    <a href=\"https:\/\/www.deine3a.ch\/en\/media\/old-age-pension-in-switzerland\/\">-<\/a>\n    <a href=\"https:\/\/www.deine3a.ch\/en\/media\/residence-permit-switzerland-an-overview-emigrating-to-switzerland-your3a-ch\/\">-<\/a>\n    <a href=\"https:\/\/www.deine3a.ch\/en\/media\/emigrate-switzerland-property-in-germany-we-can-help-you\/\">-<\/a>\n    <a href=\"https:\/\/www.deine3a.ch\/en\/media\/transfer-share-portfolio-to-switzerland\/\">-<\/a>\n    <a href=\"https:\/\/www.deine3a.ch\/en\/media\/why-you-are-leaving-germany-emigrate-to-switzerland\/\">-<\/a>\n    <a href=\"https:\/\/www.deine3a.ch\/en\/category\/blog\/\">-<\/a>\n  <\/div>\n<\/div>\n\n\t\t\t\t<\/div>\n\t\t\t\t<div class=\"elementor-element elementor-element-c4bb41a ob-has-background-overlay elementor-widget elementor-widget-html\" data-id=\"c4bb41a\" data-element_type=\"widget\" data-e-type=\"widget\" data-settings=\"{&quot;_ob_widget_stalker_use&quot;:&quot;no&quot;,&quot;_ob_poopart_use&quot;:&quot;yes&quot;,&quot;_ob_shadough_use&quot;:&quot;no&quot;,&quot;_ob_allow_hoveranimator&quot;:&quot;no&quot;}\" data-widget_type=\"html.default\">\n\t\t\t\t\t<script type=\"application\/ld+json\">{\n    \"@context\": \"https:\\\/\\\/schema.org\",\n    \"@type\": \"WebPage\",\n    \"@id\": \"https:\\\/\\\/www.deine3a.ch\\\/impressum\\\/\",\n    \"name\": \"Impressum\",\n    \"description\": \"Impressum der Deine3a GmbH.\",\n    \"image\": \"https:\\\/\\\/www.deine3a.ch\\\/wp-content\\\/uploads\\\/2024\\\/10\\\/20240918_Deine3a64471_zugeschnitten-2-768x534.jpg\",\n    \"datePublished\": \"2024-11-01\",\n    \"dateModified\": \"2025-05-11\",\n    \"publisher\": {\n        \"@type\": \"Organization\",\n        \"name\": \"Deine3a\",\n        \"url\": \"https:\\\/\\\/www.deine3a.ch\\\/\",\n        \"logo\": {\n            \"@type\": \"ImageObject\",\n            \"url\": \"https:\\\/\\\/www.deine3a.ch\\\/wp-content\\\/uploads\\\/2024\\\/08\\\/Deine3a-Logo.svg\"\n        }\n    }\n}<\/script>\n\t\t\t\t<\/div>\n\t\t\t\t\t<\/div>\n\t\t<\/div>\n\t\t\t\t\t<\/div>\n\t\t<\/section>\n\t\t\t\t<section class=\"elementor-section elementor-top-section elementor-element elementor-element-6d04d80 elementor-section-boxed elementor-section-height-default elementor-section-height-default\" data-id=\"6d04d80\" data-element_type=\"section\" data-e-type=\"section\" data-settings=\"{&quot;_ob_glider_is_slider&quot;:&quot;no&quot;,&quot;_ha_eqh_enable&quot;:false}\">\n\t\t\t\t\t\t<div class=\"elementor-container elementor-column-gap-default\">\n\t\t\t\t\t<div class=\"elementor-column elementor-col-100 elementor-top-column elementor-element elementor-element-6fa0960\" data-id=\"6fa0960\" data-element_type=\"column\" data-e-type=\"column\" data-settings=\"{&quot;_ob_column_hoveranimator&quot;:&quot;no&quot;,&quot;_ob_column_has_pseudo&quot;:&quot;no&quot;}\">\n\t\t\t<div class=\"elementor-widget-wrap elementor-element-populated\">\n\t\t\t\t\t\t<div class=\"elementor-element elementor-element-a3eccd4 ob-has-background-overlay elementor-widget elementor-widget-ha-breadcrumbs happy-addon ha-breadcrumbs happy-addon-pro\" data-id=\"a3eccd4\" data-element_type=\"widget\" data-e-type=\"widget\" data-settings=\"{&quot;_ob_widget_stalker_use&quot;:&quot;no&quot;,&quot;_ob_poopart_use&quot;:&quot;yes&quot;,&quot;_ob_shadough_use&quot;:&quot;no&quot;,&quot;_ob_allow_hoveranimator&quot;:&quot;no&quot;}\" data-widget_type=\"ha-breadcrumbs.default\">\n\t\t\t\t\t<ul class=\"ha-breadcrumbs\"><li class=\"ha-breadcrumbs-item ha-breadcrumbs-start\"><a href=\"https:\/\/www.deine3a.ch\/en\/\" rel=\"home\"><span class=\"ha-breadcrumbs-text\">Home page<\/span><\/a><\/li><\/ul>\t\t\t\t<\/div>\n\t\t\t\t\t<\/div>\n\t\t<\/div>\n\t\t\t\t\t<\/div>\n\t\t<\/section>\n\t\t\t\t<\/div>","protected":false},"excerpt":{"rendered":"<p>Impressum Deine3a GmbH Brandschenkestrasse 30 8001 Z\u00fcrich Handelsregister: CHE-483.039.941 Registergericht: Handelsregisteramt des Kantons Z\u00fcrich Die Deine3a GmbH ist im Rahmen des Versicherungsaufsichtsgesetzes (VAG) als gebundener Vermittler f\u00fcr die Helvetia Versicherungen Schweiz t\u00e4tig. Vertreten durch: Jim Ince, Dipl. Finanzberater IAF, Cicero Member-ID: 27531 Sebastian Deitert, Versicherungsfachmann, Cicero Member-ID: 18311 Kontakt Hinweis: Beratungsanfragen werden ausschliesslich \u00fcber das [&hellip;]<\/p>\n","protected":false},"author":1,"featured_media":5075,"parent":0,"menu_order":0,"comment_status":"closed","ping_status":"closed","template":"","meta":{"footnotes":""},"class_list":["post-1403","page","type-page","status-publish","has-post-thumbnail","hentry"],"yoast_head":"<!-- This site is optimized with the Yoast SEO plugin v27.3 - https:\/\/yoast.com\/product\/yoast-seo-wordpress\/ -->\n<title>Impressum | Deine3a \u2013 Auswandern Schweiz<\/title>\n<meta name=\"description\" content=\"Impressum der Deine3a GmbH \u2013 Angaben gem\u00e4ss schweizerischem Recht f\u00fcr deutsche Auswanderer. Kontakt und rechtliche Hinweise.\" \/>\n<meta name=\"robots\" content=\"index, follow, max-snippet:-1, max-image-preview:large, max-video-preview:-1\" \/>\n<link rel=\"canonical\" href=\"https:\/\/www.deine3a.ch\/en\/imprint\/\" \/>\n<meta property=\"og:locale\" content=\"en_GB\" \/>\n<meta property=\"og:type\" content=\"article\" \/>\n<meta property=\"og:title\" content=\"Impressum | Deine3a \u2013 Auswandern Schweiz\" \/>\n<meta property=\"og:description\" content=\"Impressum der Deine3a GmbH \u2013 Angaben gem\u00e4ss schweizerischem Recht f\u00fcr deutsche Auswanderer. Kontakt und rechtliche Hinweise.\" \/>\n<meta property=\"og:url\" content=\"https:\/\/www.deine3a.ch\/en\/imprint\/\" \/>\n<meta property=\"og:site_name\" content=\"Deine3a\" \/>\n<meta property=\"article:modified_time\" content=\"2025-08-10T06:58:34+00:00\" \/>\n<meta property=\"og:image\" content=\"https:\/\/www.deine3a.ch\/wp-content\/uploads\/2024\/10\/20240918_Deine3a64471_zugeschnitten-2.jpg\" \/>\n\t<meta property=\"og:image:width\" content=\"1038\" \/>\n\t<meta property=\"og:image:height\" content=\"722\" \/>\n\t<meta property=\"og:image:type\" content=\"image\/jpeg\" \/>\n<meta name=\"twitter:card\" content=\"summary_large_image\" \/>\n<meta name=\"twitter:label1\" content=\"Estimated reading time\" \/>\n\t<meta name=\"twitter:data1\" content=\"1 minute\" \/>\n<script type=\"application\/ld+json\" class=\"yoast-schema-graph\">{\"@context\":\"https:\\\/\\\/schema.org\",\"@graph\":[{\"@type\":\"WebPage\",\"@id\":\"https:\\\/\\\/www.deine3a.ch\\\/impressum\\\/\",\"url\":\"https:\\\/\\\/www.deine3a.ch\\\/impressum\\\/\",\"name\":\"Impressum | Deine3a \u2013 Auswandern Schweiz\",\"isPartOf\":{\"@id\":\"https:\\\/\\\/www.deine3a.ch\\\/#website\"},\"primaryImageOfPage\":{\"@id\":\"https:\\\/\\\/www.deine3a.ch\\\/impressum\\\/#primaryimage\"},\"image\":{\"@id\":\"https:\\\/\\\/www.deine3a.ch\\\/impressum\\\/#primaryimage\"},\"thumbnailUrl\":\"https:\\\/\\\/www.deine3a.ch\\\/wp-content\\\/uploads\\\/2024\\\/10\\\/20240918_Deine3a64471_zugeschnitten-2.jpg\",\"datePublished\":\"2024-08-13T06:36:04+00:00\",\"dateModified\":\"2025-08-10T06:58:34+00:00\",\"description\":\"Impressum der Deine3a GmbH \u2013 Angaben gem\u00e4ss schweizerischem Recht f\u00fcr deutsche Auswanderer. Kontakt und rechtliche Hinweise.\",\"breadcrumb\":{\"@id\":\"https:\\\/\\\/www.deine3a.ch\\\/impressum\\\/#breadcrumb\"},\"inLanguage\":\"en-GB\",\"potentialAction\":[{\"@type\":\"ReadAction\",\"target\":[\"https:\\\/\\\/www.deine3a.ch\\\/impressum\\\/\"]}]},{\"@type\":\"ImageObject\",\"inLanguage\":\"en-GB\",\"@id\":\"https:\\\/\\\/www.deine3a.ch\\\/impressum\\\/#primaryimage\",\"url\":\"https:\\\/\\\/www.deine3a.ch\\\/wp-content\\\/uploads\\\/2024\\\/10\\\/20240918_Deine3a64471_zugeschnitten-2.jpg\",\"contentUrl\":\"https:\\\/\\\/www.deine3a.ch\\\/wp-content\\\/uploads\\\/2024\\\/10\\\/20240918_Deine3a64471_zugeschnitten-2.jpg\",\"width\":1038,\"height\":722,\"caption\":\"Deine3a | Auswandern Schweiz\"},{\"@type\":\"BreadcrumbList\",\"@id\":\"https:\\\/\\\/www.deine3a.ch\\\/impressum\\\/#breadcrumb\",\"itemListElement\":[{\"@type\":\"ListItem\",\"position\":1,\"name\":\"Startseite\",\"item\":\"https:\\\/\\\/www.deine3a.ch\\\/\"},{\"@type\":\"ListItem\",\"position\":2,\"name\":\"Deine3a | Impressum | Auswandern Schweiz | Auswanderungsagentur\"}]},{\"@type\":\"WebSite\",\"@id\":\"https:\\\/\\\/www.deine3a.ch\\\/#website\",\"url\":\"https:\\\/\\\/www.deine3a.ch\\\/\",\"name\":\"Deine3a\",\"description\":\"Deine3a GmbH\",\"publisher\":{\"@id\":\"https:\\\/\\\/www.deine3a.ch\\\/#organization\"},\"potentialAction\":[{\"@type\":\"SearchAction\",\"target\":{\"@type\":\"EntryPoint\",\"urlTemplate\":\"https:\\\/\\\/www.deine3a.ch\\\/?s={search_term_string}\"},\"query-input\":{\"@type\":\"PropertyValueSpecification\",\"valueRequired\":true,\"valueName\":\"search_term_string\"}}],\"inLanguage\":\"en-GB\"},{\"@type\":\"Organization\",\"@id\":\"https:\\\/\\\/www.deine3a.ch\\\/#organization\",\"name\":\"Deine3a\",\"url\":\"https:\\\/\\\/www.deine3a.ch\\\/\",\"logo\":{\"@type\":\"ImageObject\",\"inLanguage\":\"en-GB\",\"@id\":\"https:\\\/\\\/www.deine3a.ch\\\/#\\\/schema\\\/logo\\\/image\\\/\",\"url\":\"https:\\\/\\\/www.deine3a.ch\\\/wp-content\\\/uploads\\\/2024\\\/08\\\/Deine3a-Logo.svg\",\"contentUrl\":\"https:\\\/\\\/www.deine3a.ch\\\/wp-content\\\/uploads\\\/2024\\\/08\\\/Deine3a-Logo.svg\",\"width\":5000,\"height\":1810,\"caption\":\"Deine3a\"},\"image\":{\"@id\":\"https:\\\/\\\/www.deine3a.ch\\\/#\\\/schema\\\/logo\\\/image\\\/\"},\"sameAs\":[\"https:\\\/\\\/www.youtube.com\\\/@Deine3a\",\"https:\\\/\\\/ch.linkedin.com\\\/company\\\/deine3a\"]}]}<\/script>\n<!-- \/ Yoast SEO plugin. -->","yoast_head_json":{"title":"Imprint | Deine3a - Emigration Switzerland","description":"Imprint of Deine3a GmbH - Information according to Swiss law for German emigrants. Contact and legal information.","robots":{"index":"index","follow":"follow","max-snippet":"max-snippet:-1","max-image-preview":"max-image-preview:large","max-video-preview":"max-video-preview:-1"},"canonical":"https:\/\/www.deine3a.ch\/en\/imprint\/","og_locale":"en_GB","og_type":"article","og_title":"Impressum | Deine3a \u2013 Auswandern Schweiz","og_description":"Impressum der Deine3a GmbH \u2013 Angaben gem\u00e4ss schweizerischem Recht f\u00fcr deutsche Auswanderer. Kontakt und rechtliche Hinweise.","og_url":"https:\/\/www.deine3a.ch\/en\/imprint\/","og_site_name":"Deine3a","article_modified_time":"2025-08-10T06:58:34+00:00","og_image":[{"width":1038,"height":722,"url":"https:\/\/www.deine3a.ch\/wp-content\/uploads\/2024\/10\/20240918_Deine3a64471_zugeschnitten-2.jpg","type":"image\/jpeg"}],"twitter_card":"summary_large_image","twitter_misc":{"Estimated reading time":"1 minute"},"schema":{"@context":"https:\/\/schema.org","@graph":[{"@type":"WebPage","@id":"https:\/\/www.deine3a.ch\/impressum\/","url":"https:\/\/www.deine3a.ch\/impressum\/","name":"Imprint | Deine3a - Emigration Switzerland","isPartOf":{"@id":"https:\/\/www.deine3a.ch\/#website"},"primaryImageOfPage":{"@id":"https:\/\/www.deine3a.ch\/impressum\/#primaryimage"},"image":{"@id":"https:\/\/www.deine3a.ch\/impressum\/#primaryimage"},"thumbnailUrl":"https:\/\/www.deine3a.ch\/wp-content\/uploads\/2024\/10\/20240918_Deine3a64471_zugeschnitten-2.jpg","datePublished":"2024-08-13T06:36:04+00:00","dateModified":"2025-08-10T06:58:34+00:00","description":"Imprint of Deine3a GmbH - Information according to Swiss law for German emigrants. Contact and legal information.","breadcrumb":{"@id":"https:\/\/www.deine3a.ch\/impressum\/#breadcrumb"},"inLanguage":"en-GB","potentialAction":[{"@type":"ReadAction","target":["https:\/\/www.deine3a.ch\/impressum\/"]}]},{"@type":"ImageObject","inLanguage":"en-GB","@id":"https:\/\/www.deine3a.ch\/impressum\/#primaryimage","url":"https:\/\/www.deine3a.ch\/wp-content\/uploads\/2024\/10\/20240918_Deine3a64471_zugeschnitten-2.jpg","contentUrl":"https:\/\/www.deine3a.ch\/wp-content\/uploads\/2024\/10\/20240918_Deine3a64471_zugeschnitten-2.jpg","width":1038,"height":722,"caption":"Deine3a | Auswandern Schweiz"},{"@type":"BreadcrumbList","@id":"https:\/\/www.deine3a.ch\/impressum\/#breadcrumb","itemListElement":[{"@type":"ListItem","position":1,"name":"Startseite","item":"https:\/\/www.deine3a.ch\/"},{"@type":"ListItem","position":2,"name":"Deine3a | Impressum | Auswandern Schweiz | Auswanderungsagentur"}]},{"@type":"WebSite","@id":"https:\/\/www.deine3a.ch\/#website","url":"https:\/\/www.deine3a.ch\/","name":"Yours3a","description":"Deine3a GmbH","publisher":{"@id":"https:\/\/www.deine3a.ch\/#organization"},"potentialAction":[{"@type":"SearchAction","target":{"@type":"EntryPoint","urlTemplate":"https:\/\/www.deine3a.ch\/?s={search_term_string}"},"query-input":{"@type":"PropertyValueSpecification","valueRequired":true,"valueName":"search_term_string"}}],"inLanguage":"en-GB"},{"@type":"Organization","@id":"https:\/\/www.deine3a.ch\/#organization","name":"Yours3a","url":"https:\/\/www.deine3a.ch\/","logo":{"@type":"ImageObject","inLanguage":"en-GB","@id":"https:\/\/www.deine3a.ch\/#\/schema\/logo\/image\/","url":"https:\/\/www.deine3a.ch\/wp-content\/uploads\/2024\/08\/Deine3a-Logo.svg","contentUrl":"https:\/\/www.deine3a.ch\/wp-content\/uploads\/2024\/08\/Deine3a-Logo.svg","width":5000,"height":1810,"caption":"Deine3a"},"image":{"@id":"https:\/\/www.deine3a.ch\/#\/schema\/logo\/image\/"},"sameAs":["https:\/\/www.youtube.com\/@Deine3a","https:\/\/ch.linkedin.com\/company\/deine3a"]}]}},"_links":{"self":[{"href":"https:\/\/www.deine3a.ch\/en\/wp-json\/wp\/v2\/pages\/1403","targetHints":{"allow":["GET"]}}],"collection":[{"href":"https:\/\/www.deine3a.ch\/en\/wp-json\/wp\/v2\/pages"}],"about":[{"href":"https:\/\/www.deine3a.ch\/en\/wp-json\/wp\/v2\/types\/page"}],"author":[{"embeddable":true,"href":"https:\/\/www.deine3a.ch\/en\/wp-json\/wp\/v2\/users\/1"}],"replies":[{"embeddable":true,"href":"https:\/\/www.deine3a.ch\/en\/wp-json\/wp\/v2\/comments?post=1403"}],"version-history":[{"count":48,"href":"https:\/\/www.deine3a.ch\/en\/wp-json\/wp\/v2\/pages\/1403\/revisions"}],"predecessor-version":[{"id":10911,"href":"https:\/\/www.deine3a.ch\/en\/wp-json\/wp\/v2\/pages\/1403\/revisions\/10911"}],"wp:featuredmedia":[{"embeddable":true,"href":"https:\/\/www.deine3a.ch\/en\/wp-json\/wp\/v2\/media\/5075"}],"wp:attachment":[{"href":"https:\/\/www.deine3a.ch\/en\/wp-json\/wp\/v2\/media?parent=1403"}],"curies":[{"name":"wp","href":"https:\/\/api.w.org\/{rel}","templated":true}]}}